{"id":780,"date":"2024-04-26T11:36:19","date_gmt":"2024-04-26T09:36:19","guid":{"rendered":"https:\/\/gdanskapartments.pl\/kontakt\/"},"modified":"2024-04-26T14:26:10","modified_gmt":"2024-04-26T12:26:10","slug":"kontakt","status":"publish","type":"page","link":"https:\/\/gdanskapartments.pl\/en\/kontakt\/","title":{"rendered":"Contact"},"content":{"rendered":"<section class=\"u-clearfix u-image u-shading u-section-2\" id=\"sec-2313\" data-image-width=\"1920\" data-image-height=\"1000\" style=\"background-image: linear-gradient(0deg, rgba(0, 0, 0, 0.4), rgba(0, 0, 0, 0.4)), url(&quot;https:\/\/gdanskapartments.pl\/wp-content\/uploads\/2024\/04\/Gdanskapartamentynawynajem1.jpg&quot;);\">\n      <div class=\"u-clearfix u-sheet u-sheet-1\"><\/div>\n    <\/section>\n    <section class=\"u-clearfix u-valign-middle-md u-section-3\" id=\"sec-23f7\">\n      <div class=\"u-align-left u-expanded-height-lg u-expanded-height-md u-expanded-height-xl u-expanded-width-sm u-expanded-width-xs u-grey-10 u-left-0 u-opacity u-opacity-40 u-shape u-shape-1\"><\/div>\n      <div class=\"u-container-style u-group u-group-1\">\n        <div class=\"u-container-layout u-container-layout-1\">\n          <h3 class=\"u-custom-font u-font-montserrat u-text u-text-1\"> Apartments for Rent in the Heart of Gda\u0144sk <\/h3>\n          <p class=\"u-custom-font u-font-montserrat u-text u-text-2\"> Book a stay in a comfortable apartment<br>w samym centrum Gda\u0144ska \n          <\/p>\n          <a href=\"#\" class=\"u-align-center u-btn u-button-style u-btn-1\">Book now <\/a>\n        <\/div>\n      <\/div>\n      <div id=\"carousel-12e3\" data-interval=\"5000\" data-u-ride=\"carousel\" class=\"u-carousel u-slider u-slider-1\">\n        <ol class=\"u-absolute-hcenter u-carousel-indicators u-carousel-indicators-1\">\n          <li data-u-target=\"#carousel-12e3\" class=\"u-active u-grey-30\" data-u-slide-to=\"0\"><\/li>\n          <li data-u-target=\"#carousel-12e3\" class=\"u-grey-30\" data-u-slide-to=\"1\"><\/li>\n          <li data-u-target=\"#carousel-12e3\" class=\"u-grey-30\" data-u-slide-to=\"2\"><\/li>\n          <li data-u-target=\"#carousel-12e3\" class=\"u-grey-30\" data-u-slide-to=\"3\"><\/li>\n        <\/ol>\n        <div class=\"u-carousel-inner\" role=\"listbox\">\n          <div class=\"u-active u-carousel-item u-container-style u-image u-slide u-image-1\" data-image-width=\"1140\" data-image-height=\"761\" style=\"background-image: url(&quot;https:\/\/gdanskapartments.pl\/wp-content\/uploads\/2024\/04\/Apartament-na-wynajem-Gdansk-ul.-Piwna-4.jpg&quot;);\">\n            <div class=\"u-container-layout u-container-layout-2\"><\/div>\n          <\/div>\n          <div class=\"u-carousel-item u-container-style u-image u-slide u-image-2\" data-image-width=\"1140\" data-image-height=\"761\" style=\"background-image: url(&quot;https:\/\/gdanskapartments.pl\/wp-content\/uploads\/2024\/04\/Apartament-na-wynajem-Gdansk-ul.-Piwna-1.jpg&quot;);\">\n            <div class=\"u-container-layout u-container-layout-3\"><\/div>\n          <\/div>\n          <div class=\"u-carousel-item u-container-style u-image u-slide u-image-3\" data-image-width=\"1140\" data-image-height=\"761\" style=\"background-image: url(&quot;https:\/\/gdanskapartments.pl\/wp-content\/uploads\/2024\/04\/Apartament-na-wynajem-Gdansk-12-ul.-Powroznicza-1.jpg&quot;);\">\n            <div class=\"u-container-layout u-container-layout-4\"><\/div>\n          <\/div>\n          <div class=\"u-carousel-item u-container-style u-image u-slide u-image-4\" data-image-width=\"1140\" data-image-height=\"761\" style=\"background-image: url(&quot;https:\/\/gdanskapartments.pl\/wp-content\/uploads\/2024\/04\/Apartament-na-wynajem-Gdansk-ul.-Piwna-5.jpg&quot;);\">\n            <div class=\"u-container-layout u-container-layout-5\"><\/div>\n          <\/div>\n        <\/div>\n        <a class=\"u-absolute-vcenter u-carousel-control u-carousel-control-prev u-custom-color-2 u-hover-custom-color-2 u-icon-rounded u-spacing-8 u-text-body-alt-color u-text-hover-black u-carousel-control-1\" href=\"#carousel-12e3\" role=\"button\" data-u-slide=\"prev\">\n          <span aria-hidden=\"true\">\n            <svg viewbox=\"0 0 31.494 31.494\"><path d=\"M10.273,5.009c0.444-0.444,1.143-0.444,1.587,0c0.429,0.429,0.429,1.143,0,1.571l-8.047,8.047h26.554\tc0.619,0,1.127,0.492,1.127,1.111c0,0.619-0.508,1.127-1.127,1.127H3.813l8.047,8.032c0.429,0.444,0.429,1.159,0,1.587\tc-0.444,0.444-1.143,0.444-1.587,0l-9.952-9.952c-0.429-0.429-0.429-1.143,0-1.571L10.273,5.009z\"><\/path><\/svg>\n          <\/span>\n          <span class=\"sr-only\">\n            <svg viewbox=\"0 0 31.494 31.494\"><path d=\"M10.273,5.009c0.444-0.444,1.143-0.444,1.587,0c0.429,0.429,0.429,1.143,0,1.571l-8.047,8.047h26.554\tc0.619,0,1.127,0.492,1.127,1.111c0,0.619-0.508,1.127-1.127,1.127H3.813l8.047,8.032c0.429,0.444,0.429,1.159,0,1.587\tc-0.444,0.444-1.143,0.444-1.587,0l-9.952-9.952c-0.429-0.429-0.429-1.143,0-1.571L10.273,5.009z\"><\/path><\/svg>\n          <\/span>\n        <\/a>\n        <a class=\"u-absolute-vcenter u-carousel-control u-carousel-control-next u-custom-color-2 u-hover-custom-color-2 u-icon-rounded u-spacing-8 u-text-body-alt-color u-text-hover-black u-carousel-control-2\" href=\"#carousel-12e3\" role=\"button\" data-u-slide=\"next\">\n          <span aria-hidden=\"true\">\n            <svg viewbox=\"0 0 31.49 31.49\"><path d=\"M21.205,5.007c-0.429-0.444-1.143-0.444-1.587,0c-0.429,0.429-0.429,1.143,0,1.571l8.047,8.047H1.111\tC0.492,14.626,0,15.118,0,15.737c0,0.619,0.492,1.127,1.111,1.127h26.554l-8.047,8.032c-0.429,0.444-0.429,1.159,0,1.587\tc0.444,0.444,1.159,0.444,1.587,0l9.952-9.952c0.444-0.429,0.444-1.143,0-1.571L21.205,5.007z\"><\/path><\/svg>\n          <\/span>\n          <span class=\"sr-only\">\n            <svg viewbox=\"0 0 31.49 31.49\"><path d=\"M21.205,5.007c-0.429-0.444-1.143-0.444-1.587,0c-0.429,0.429-0.429,1.143,0,1.571l8.047,8.047H1.111\tC0.492,14.626,0,15.118,0,15.737c0,0.619,0.492,1.127,1.111,1.127h26.554l-8.047,8.032c-0.429,0.444-0.429,1.159,0,1.587\tc0.444,0.444,1.159,0.444,1.587,0l9.952-9.952c0.444-0.429,0.444-1.143,0-1.571L21.205,5.007z\"><\/path><\/svg>\n          <\/span>\n        <\/a>\n      <\/div>\n    <\/section>\n    <section class=\"u-clearfix u-palette-1-base u-typography-custom-page-typography-12--Map u-section-4\" id=\"sec-9454\">\n      <div class=\"u-expanded u-grey-light-2 u-map\">\n        <div class=\"embed-responsive\">\n          <iframe class=\"embed-responsive-item\" src=\"https:\/\/www.google.com\/maps\/embed?pb=!1m18!1m12!1m3!1d2325.5056986534482!2d18.650530300301494!3d54.3480443460126!2m3!1f0!2f0!3f0!3m2!1i1024!2i768!4f13.1!3m3!1m2!1s0x46fd73bc55cfc111%3A0x9468a7fc06ab3c90!2sGda%C5%84sk%20Apartments%20-%20Apartamenty%20na%20wynajem%20Gda%C5%84sk!5e0!3m2!1spl!2spl!4v1713912525418!5m2!1spl!2spl\" data-map=\"JTdCJTIycG9zaXRpb25UeXBlJTIyJTNBJTIybWFwLWVtYmVkJTIyJTJDJTIyYWRkcmVzcyUyMiUzQSUyMkdkYSVDNSU4NHNrJTIwUG93cm8lQzUlQkFuaWN6YSUyMDIzJTJGMjQlMjIlMkMlMjJ6b29tJTIyJTNBMTglMkMlMjJ0eXBlSWQlMjIlM0ElMjJyb2FkJTIyJTJDJTIybGFuZyUyMiUzQW51bGwlMkMlMjJhcGlLZXklMjIlM0FudWxsJTJDJTIybWFya2VycyUyMiUzQSU1QiU1RCUyQyUyMmVtYmVkJTIyJTNBJTIyaHR0cHMlM0ElMkYlMkZ3d3cuZ29vZ2xlLmNvbSUyRm1hcHMlMkZlbWJlZCUzRnBiJTNEITFtMTghMW0xMiExbTMhMWQyMzI1LjUwNTY5ODY1MzQ0ODIhMmQxOC42NTA1MzAzMDAzMDE0OTQhM2Q1NC4zNDgwNDQzNDYwMTI2ITJtMyExZjAhMmYwITNmMCEzbTIhMWkxMDI0ITJpNzY4ITRmMTMuMSEzbTMhMW0yITFzMHg0NmZkNzNiYzU1Y2ZjMTExJTI1M0EweDk0NjhhN2ZjMDZhYjNjOTAhMnNHZGElMjVDNSUyNTg0c2slMjUyMEFwYXJ0bWVudHMlMjUyMC0lMjUyMEFwYXJ0YW1lbnR5JTI1MjBuYSUyNTIwd3luYWplbSUyNTIwR2RhJTI1QzUlMjU4NHNrITVlMCEzbTIhMXNwbCEyc3BsITR2MTcxMzkxMjUyNTQxOCE1bTIhMXNwbCEyc3BsJTIyJTdE\"><\/iframe>\n        <\/div>\n      <\/div>\n    <\/section>","protected":false},"excerpt":{"rendered":"<p>Apartamenty w samym sercu Gda\u0144ska Zarezerwuj pobyt w komfortowym apartamenciew samym centrum Gda\u0144ska rezerwuj<\/p>","protected":false},"author":1,"featured_media":0,"parent":0,"menu_order":5,"comment_status":"closed","ping_status":"closed","template":"","meta":{"_monsterinsights_skip_tracking":false,"_monsterinsights_sitenote_active":false,"_monsterinsights_sitenote_note":"","_monsterinsights_sitenote_category":0,"footnotes":""},"class_list":["post-780","page","type-page","status-publish","hentry"],"yoast_head":"<!-- This site is optimized with the Yoast SEO Premium plugin v25.5 (Yoast SEO v27.2) - https:\/\/yoast.com\/product\/yoast-seo-premium-wordpress\/ -->\n<title>Kontakt - Gda\u0144sk Apartments<\/title>\n<meta name=\"robots\" content=\"index, follow, max-snippet:-1, max-image-preview:large, max-video-preview:-1\" \/>\n<link rel=\"canonical\" href=\"https:\/\/gdanskapartments.pl\/en\/kontakt\/\" \/>\n<meta property=\"og:locale\" content=\"en_US\" \/>\n<meta property=\"og:type\" content=\"article\" \/>\n<meta property=\"og:title\" content=\"Kontakt\" \/>\n<meta property=\"og:description\" content=\"Apartamenty w samym sercu Gda\u0144ska Zarezerwuj pobyt w komfortowym apartamenciew samym centrum Gda\u0144ska rezerwuj\" \/>\n<meta property=\"og:url\" content=\"https:\/\/gdanskapartments.pl\/en\/kontakt\/\" \/>\n<meta property=\"og:site_name\" content=\"Gda\u0144sk Apartments\" \/>\n<meta property=\"article:publisher\" content=\"https:\/\/www.facebook.com\/gdapartments\" \/>\n<meta property=\"article:modified_time\" content=\"2024-04-26T12:26:10+00:00\" \/>\n<meta property=\"og:image\" content=\"https:\/\/gdanskapartments.pl\/wp-content\/uploads\/2024\/06\/Dwor-Artusa-Gdansk.jpg\" \/>\n\t<meta property=\"og:image:width\" content=\"1440\" \/>\n\t<meta property=\"og:image:height\" content=\"961\" \/>\n\t<meta property=\"og:image:type\" content=\"image\/jpeg\" \/>\n<meta name=\"twitter:card\" content=\"summary_large_image\" \/>\n<meta name=\"twitter:site\" content=\"@GdanskApartment\" \/>\n<script type=\"application\/ld+json\" class=\"yoast-schema-graph\">{\"@context\":\"https:\/\/schema.org\",\"@graph\":[{\"@type\":\"WebPage\",\"@id\":\"https:\/\/gdanskapartments.pl\/kontakt\/\",\"url\":\"https:\/\/gdanskapartments.pl\/kontakt\/\",\"name\":\"Kontakt - Gda\u0144sk Apartments\",\"isPartOf\":{\"@id\":\"https:\/\/gdanskapartments.pl\/#website\"},\"datePublished\":\"2024-04-26T09:36:19+00:00\",\"dateModified\":\"2024-04-26T12:26:10+00:00\",\"breadcrumb\":{\"@id\":\"https:\/\/gdanskapartments.pl\/kontakt\/#breadcrumb\"},\"inLanguage\":\"en-US\",\"potentialAction\":[{\"@type\":\"ReadAction\",\"target\":[\"https:\/\/gdanskapartments.pl\/kontakt\/\"]}]},{\"@type\":\"BreadcrumbList\",\"@id\":\"https:\/\/gdanskapartments.pl\/kontakt\/#breadcrumb\",\"itemListElement\":[{\"@type\":\"ListItem\",\"position\":1,\"name\":\"Strona g\u0142\u00f3wna\",\"item\":\"https:\/\/gdanskapartments.pl\/\"},{\"@type\":\"ListItem\",\"position\":2,\"name\":\"Kontakt\"}]},{\"@type\":\"WebSite\",\"@id\":\"https:\/\/gdanskapartments.pl\/#website\",\"url\":\"https:\/\/gdanskapartments.pl\/\",\"name\":\"Gda\u0144sk Apartments\",\"description\":\"Apartamenty na wynajem Gda\u0144sk. Wybierz apartament w najlepszej lokalizacji w samym centrum Gda\u0144ska. Apartamenty Gda\u0144sk\",\"publisher\":{\"@id\":\"https:\/\/gdanskapartments.pl\/#organization\"},\"alternateName\":\"Apartamenty Gda\u0144sk\",\"potentialAction\":[{\"@type\":\"SearchAction\",\"target\":{\"@type\":\"EntryPoint\",\"urlTemplate\":\"https:\/\/gdanskapartments.pl\/?s={search_term_string}\"},\"query-input\":{\"@type\":\"PropertyValueSpecification\",\"valueRequired\":true,\"valueName\":\"search_term_string\"}}],\"inLanguage\":\"en-US\"},{\"@type\":\"Organization\",\"@id\":\"https:\/\/gdanskapartments.pl\/#organization\",\"name\":\"Gda\u0144sk Apartments\",\"alternateName\":\"Apartamenty Gda\u0144sk\",\"url\":\"https:\/\/gdanskapartments.pl\/\",\"logo\":{\"@type\":\"ImageObject\",\"inLanguage\":\"en-US\",\"@id\":\"https:\/\/gdanskapartments.pl\/#\/schema\/logo\/image\/\",\"url\":\"https:\/\/gdanskapartments.pl\/wp-content\/uploads\/2024\/04\/luxury-dress.png\",\"contentUrl\":\"https:\/\/gdanskapartments.pl\/wp-content\/uploads\/2024\/04\/luxury-dress.png\",\"width\":1080,\"height\":1080,\"caption\":\"Gda\u0144sk Apartments\"},\"image\":{\"@id\":\"https:\/\/gdanskapartments.pl\/#\/schema\/logo\/image\/\"},\"sameAs\":[\"https:\/\/www.facebook.com\/gdapartments\",\"https:\/\/x.com\/GdanskApartment\",\"https:\/\/www.instagram.com\/gdanskapartments.pl\/\",\"https:\/\/www.tiktok.com\/@gdaskapartments\",\"https:\/\/www.youtube.com\/channel\/UCSPUswHRim5C9MuwauOif8g\"],\"description\":\"Apartamenty w centrum Gda\u0144ska przy Mot\u0142awie, idealne dla turyst\u00f3w, rodzin i grup.\",\"email\":\"info@gdanskapartments.pl\",\"telephone\":\"+48536550917\"}]}<\/script>\n<!-- \/ Yoast SEO Premium plugin. -->","yoast_head_json":{"title":"Kontakt - Gda\u0144sk Apartments","robots":{"index":"index","follow":"follow","max-snippet":"max-snippet:-1","max-image-preview":"max-image-preview:large","max-video-preview":"max-video-preview:-1"},"canonical":"https:\/\/gdanskapartments.pl\/en\/kontakt\/","og_locale":"en_US","og_type":"article","og_title":"Kontakt","og_description":"Apartamenty w samym sercu Gda\u0144ska Zarezerwuj pobyt w komfortowym apartamenciew samym centrum Gda\u0144ska rezerwuj","og_url":"https:\/\/gdanskapartments.pl\/en\/kontakt\/","og_site_name":"Gda\u0144sk Apartments","article_publisher":"https:\/\/www.facebook.com\/gdapartments","article_modified_time":"2024-04-26T12:26:10+00:00","og_image":[{"width":1440,"height":961,"url":"https:\/\/gdanskapartments.pl\/wp-content\/uploads\/2024\/06\/Dwor-Artusa-Gdansk.jpg","type":"image\/jpeg"}],"twitter_card":"summary_large_image","twitter_site":"@GdanskApartment","schema":{"@context":"https:\/\/schema.org","@graph":[{"@type":"WebPage","@id":"https:\/\/gdanskapartments.pl\/kontakt\/","url":"https:\/\/gdanskapartments.pl\/kontakt\/","name":"Kontakt - Gda\u0144sk Apartments","isPartOf":{"@id":"https:\/\/gdanskapartments.pl\/#website"},"datePublished":"2024-04-26T09:36:19+00:00","dateModified":"2024-04-26T12:26:10+00:00","breadcrumb":{"@id":"https:\/\/gdanskapartments.pl\/kontakt\/#breadcrumb"},"inLanguage":"en-US","potentialAction":[{"@type":"ReadAction","target":["https:\/\/gdanskapartments.pl\/kontakt\/"]}]},{"@type":"BreadcrumbList","@id":"https:\/\/gdanskapartments.pl\/kontakt\/#breadcrumb","itemListElement":[{"@type":"ListItem","position":1,"name":"Strona g\u0142\u00f3wna","item":"https:\/\/gdanskapartments.pl\/"},{"@type":"ListItem","position":2,"name":"Kontakt"}]},{"@type":"WebSite","@id":"https:\/\/gdanskapartments.pl\/#website","url":"https:\/\/gdanskapartments.pl\/","name":"Gdansk Apartments","description":"Apartamenty na wynajem Gda\u0144sk. Wybierz apartament w najlepszej lokalizacji w samym centrum Gda\u0144ska. Apartamenty Gda\u0144sk","publisher":{"@id":"https:\/\/gdanskapartments.pl\/#organization"},"alternateName":"Apartamenty Gda\u0144sk","potentialAction":[{"@type":"SearchAction","target":{"@type":"EntryPoint","urlTemplate":"https:\/\/gdanskapartments.pl\/?s={search_term_string}"},"query-input":{"@type":"PropertyValueSpecification","valueRequired":true,"valueName":"search_term_string"}}],"inLanguage":"en-US"},{"@type":"Organization","@id":"https:\/\/gdanskapartments.pl\/#organization","name":"Gdansk Apartments","alternateName":"Apartamenty Gda\u0144sk","url":"https:\/\/gdanskapartments.pl\/","logo":{"@type":"ImageObject","inLanguage":"en-US","@id":"https:\/\/gdanskapartments.pl\/#\/schema\/logo\/image\/","url":"https:\/\/gdanskapartments.pl\/wp-content\/uploads\/2024\/04\/luxury-dress.png","contentUrl":"https:\/\/gdanskapartments.pl\/wp-content\/uploads\/2024\/04\/luxury-dress.png","width":1080,"height":1080,"caption":"Gda\u0144sk Apartments"},"image":{"@id":"https:\/\/gdanskapartments.pl\/#\/schema\/logo\/image\/"},"sameAs":["https:\/\/www.facebook.com\/gdapartments","https:\/\/x.com\/GdanskApartment","https:\/\/www.instagram.com\/gdanskapartments.pl\/","https:\/\/www.tiktok.com\/@gdaskapartments","https:\/\/www.youtube.com\/channel\/UCSPUswHRim5C9MuwauOif8g"],"description":"Apartamenty w centrum Gda\u0144ska przy Mot\u0142awie, idealne dla turyst\u00f3w, rodzin i grup.","email":"info@gdanskapartments.pl","telephone":"+48536550917"}]}},"_links":{"self":[{"href":"https:\/\/gdanskapartments.pl\/en\/wp-json\/wp\/v2\/pages\/780","targetHints":{"allow":["GET"]}}],"collection":[{"href":"https:\/\/gdanskapartments.pl\/en\/wp-json\/wp\/v2\/pages"}],"about":[{"href":"https:\/\/gdanskapartments.pl\/en\/wp-json\/wp\/v2\/types\/page"}],"author":[{"embeddable":true,"href":"https:\/\/gdanskapartments.pl\/en\/wp-json\/wp\/v2\/users\/1"}],"replies":[{"embeddable":true,"href":"https:\/\/gdanskapartments.pl\/en\/wp-json\/wp\/v2\/comments?post=780"}],"version-history":[{"count":1,"href":"https:\/\/gdanskapartments.pl\/en\/wp-json\/wp\/v2\/pages\/780\/revisions"}],"predecessor-version":[{"id":797,"href":"https:\/\/gdanskapartments.pl\/en\/wp-json\/wp\/v2\/pages\/780\/revisions\/797"}],"wp:attachment":[{"href":"https:\/\/gdanskapartments.pl\/en\/wp-json\/wp\/v2\/media?parent=780"}],"curies":[{"name":"wp","href":"https:\/\/api.w.org\/{rel}","templated":true}]}}