{"id":779,"date":"2024-04-26T11:36:18","date_gmt":"2024-04-26T09:36:18","guid":{"rendered":"https:\/\/gdanskapartments.pl\/rezerwacja\/"},"modified":"2025-06-03T00:18:08","modified_gmt":"2025-06-02T22:18:08","slug":"rezerwacja","status":"publish","type":"page","link":"https:\/\/gdanskapartments.pl\/en\/rezerwacja\/","title":{"rendered":"Booking"},"content":{"rendered":"<section class=\"u-clearfix u-image u-shading u-section-2\" id=\"sec-2313\" data-image-width=\"1280\" data-image-height=\"853\" style=\"background-image: linear-gradient(0deg, rgba(0, 0, 0, 0.4), rgba(0, 0, 0, 0.4)), url(&quot;https:\/\/gdanskapartments.pl\/wp-content\/uploads\/2024\/04\/ce8b084a14fd0f042f1f101d5f0e2ee500291ab556cb262229f2ef742f7a9fbc5de2067dda49ce08209d2ee8ca55a161d32d6b0d2790d82406e13d_1280.jpg&quot;);\">\n      <div class=\"u-clearfix u-sheet u-sheet-1\">\n        <h1 class=\"u-custom-font u-font-montserrat u-text u-text-default u-text-1\">Book an Apartment in Gda\u0144sk<\/h1>\n        <p class=\"u-text u-text-2\">Find a convenient date, choose a comfortable apartment in the very center of the city.&nbsp;<\/p>\n      <\/div>\n    <\/section>\n    <section class=\"u-clearfix u-grey-5 u-section-3\" id=\"sec-d76f\">\n      <div class=\"u-clearfix u-sheet u-valign-middle u-sheet-1\">\n        <div class=\"u-expanded-width u-shortcode u-shortcode-1\">\n          <script src=\"https:\/\/ajax.googleapis.com\/ajax\/libs\/jquery\/3.2.1\/jquery.min.js\"><\/script>\n          <script type=\"text\/javascript\" src=\"https:\/\/panel.hotres.pl\/public\/api\/hotres_v4.js\"><\/script>\n          <div id=\"hotresContainer\"><\/div>\n          <script>window.addEventListener('load', (event) => {createHotres({\"oid\":1475,\"lang\":\"pl\",\"uid\":\"5046\"});});<\/script>\n        <\/div>\n      <\/div>\n    <\/section>","protected":false},"excerpt":{"rendered":"<p>Rezerwuj Apartament w Gda\u0144sku Znajd\u017a dogodny termin, wybierz komfortowy apartament w samym centrum miasta.&nbsp;<\/p>","protected":false},"author":1,"featured_media":0,"parent":0,"menu_order":4,"comment_status":"closed","ping_status":"closed","template":"","meta":{"_monsterinsights_skip_tracking":false,"_monsterinsights_sitenote_active":false,"_monsterinsights_sitenote_note":"","_monsterinsights_sitenote_category":0,"footnotes":""},"class_list":["post-779","page","type-page","status-publish","hentry"],"yoast_head":"<!-- This site is optimized with the Yoast SEO Premium plugin v25.5 (Yoast SEO v27.2) - https:\/\/yoast.com\/product\/yoast-seo-premium-wordpress\/ -->\n<title>Rezerwacja - Gda\u0144sk Apartments<\/title>\n<meta name=\"robots\" content=\"index, follow, max-snippet:-1, max-image-preview:large, max-video-preview:-1\" \/>\n<link rel=\"canonical\" href=\"https:\/\/gdanskapartments.pl\/en\/rezerwacja\/\" \/>\n<meta property=\"og:locale\" content=\"en_US\" \/>\n<meta property=\"og:type\" content=\"article\" \/>\n<meta property=\"og:title\" content=\"Rezerwacja\" \/>\n<meta property=\"og:description\" content=\"Rezerwuj Apartament w Gda\u0144sku Znajd\u017a dogodny termin, wybierz komfortowy apartament w samym centrum miasta.&nbsp;\" \/>\n<meta property=\"og:url\" content=\"https:\/\/gdanskapartments.pl\/en\/rezerwacja\/\" \/>\n<meta property=\"og:site_name\" content=\"Gda\u0144sk Apartments\" \/>\n<meta property=\"article:publisher\" content=\"https:\/\/www.facebook.com\/gdapartments\" \/>\n<meta property=\"article:modified_time\" content=\"2025-06-02T22:18:08+00:00\" \/>\n<meta property=\"og:image\" content=\"https:\/\/gdanskapartments.pl\/wp-content\/uploads\/2024\/06\/Dwor-Artusa-Gdansk.jpg\" \/>\n\t<meta property=\"og:image:width\" content=\"1440\" \/>\n\t<meta property=\"og:image:height\" content=\"961\" \/>\n\t<meta property=\"og:image:type\" content=\"image\/jpeg\" \/>\n<meta name=\"twitter:card\" content=\"summary_large_image\" \/>\n<meta name=\"twitter:site\" content=\"@GdanskApartment\" \/>\n<script type=\"application\/ld+json\" class=\"yoast-schema-graph\">{\"@context\":\"https:\/\/schema.org\",\"@graph\":[{\"@type\":\"WebPage\",\"@id\":\"https:\/\/gdanskapartments.pl\/rezerwacja\/\",\"url\":\"https:\/\/gdanskapartments.pl\/rezerwacja\/\",\"name\":\"Rezerwacja - Gda\u0144sk Apartments\",\"isPartOf\":{\"@id\":\"https:\/\/gdanskapartments.pl\/#website\"},\"datePublished\":\"2024-04-26T09:36:18+00:00\",\"dateModified\":\"2025-06-02T22:18:08+00:00\",\"breadcrumb\":{\"@id\":\"https:\/\/gdanskapartments.pl\/rezerwacja\/#breadcrumb\"},\"inLanguage\":\"en-US\",\"potentialAction\":[{\"@type\":\"ReadAction\",\"target\":[\"https:\/\/gdanskapartments.pl\/rezerwacja\/\"]}]},{\"@type\":\"BreadcrumbList\",\"@id\":\"https:\/\/gdanskapartments.pl\/rezerwacja\/#breadcrumb\",\"itemListElement\":[{\"@type\":\"ListItem\",\"position\":1,\"name\":\"Strona g\u0142\u00f3wna\",\"item\":\"https:\/\/gdanskapartments.pl\/\"},{\"@type\":\"ListItem\",\"position\":2,\"name\":\"Rezerwacja\"}]},{\"@type\":\"WebSite\",\"@id\":\"https:\/\/gdanskapartments.pl\/#website\",\"url\":\"https:\/\/gdanskapartments.pl\/\",\"name\":\"Gda\u0144sk Apartments\",\"description\":\"Apartamenty na wynajem Gda\u0144sk. Wybierz apartament w najlepszej lokalizacji w samym centrum Gda\u0144ska. Apartamenty Gda\u0144sk\",\"publisher\":{\"@id\":\"https:\/\/gdanskapartments.pl\/#organization\"},\"alternateName\":\"Apartamenty Gda\u0144sk\",\"potentialAction\":[{\"@type\":\"SearchAction\",\"target\":{\"@type\":\"EntryPoint\",\"urlTemplate\":\"https:\/\/gdanskapartments.pl\/?s={search_term_string}\"},\"query-input\":{\"@type\":\"PropertyValueSpecification\",\"valueRequired\":true,\"valueName\":\"search_term_string\"}}],\"inLanguage\":\"en-US\"},{\"@type\":\"Organization\",\"@id\":\"https:\/\/gdanskapartments.pl\/#organization\",\"name\":\"Gda\u0144sk Apartments\",\"alternateName\":\"Apartamenty Gda\u0144sk\",\"url\":\"https:\/\/gdanskapartments.pl\/\",\"logo\":{\"@type\":\"ImageObject\",\"inLanguage\":\"en-US\",\"@id\":\"https:\/\/gdanskapartments.pl\/#\/schema\/logo\/image\/\",\"url\":\"https:\/\/gdanskapartments.pl\/wp-content\/uploads\/2024\/04\/luxury-dress.png\",\"contentUrl\":\"https:\/\/gdanskapartments.pl\/wp-content\/uploads\/2024\/04\/luxury-dress.png\",\"width\":1080,\"height\":1080,\"caption\":\"Gda\u0144sk Apartments\"},\"image\":{\"@id\":\"https:\/\/gdanskapartments.pl\/#\/schema\/logo\/image\/\"},\"sameAs\":[\"https:\/\/www.facebook.com\/gdapartments\",\"https:\/\/x.com\/GdanskApartment\",\"https:\/\/www.instagram.com\/gdanskapartments.pl\/\",\"https:\/\/www.tiktok.com\/@gdaskapartments\",\"https:\/\/www.youtube.com\/channel\/UCSPUswHRim5C9MuwauOif8g\"],\"description\":\"Apartamenty w centrum Gda\u0144ska przy Mot\u0142awie, idealne dla turyst\u00f3w, rodzin i grup.\",\"email\":\"info@gdanskapartments.pl\",\"telephone\":\"+48536550917\"}]}<\/script>\n<!-- \/ Yoast SEO Premium plugin. -->","yoast_head_json":{"title":"Rezerwacja - Gda\u0144sk Apartments","robots":{"index":"index","follow":"follow","max-snippet":"max-snippet:-1","max-image-preview":"max-image-preview:large","max-video-preview":"max-video-preview:-1"},"canonical":"https:\/\/gdanskapartments.pl\/en\/rezerwacja\/","og_locale":"en_US","og_type":"article","og_title":"Rezerwacja","og_description":"Rezerwuj Apartament w Gda\u0144sku Znajd\u017a dogodny termin, wybierz komfortowy apartament w samym centrum miasta.&nbsp;","og_url":"https:\/\/gdanskapartments.pl\/en\/rezerwacja\/","og_site_name":"Gda\u0144sk Apartments","article_publisher":"https:\/\/www.facebook.com\/gdapartments","article_modified_time":"2025-06-02T22:18:08+00:00","og_image":[{"width":1440,"height":961,"url":"https:\/\/gdanskapartments.pl\/wp-content\/uploads\/2024\/06\/Dwor-Artusa-Gdansk.jpg","type":"image\/jpeg"}],"twitter_card":"summary_large_image","twitter_site":"@GdanskApartment","schema":{"@context":"https:\/\/schema.org","@graph":[{"@type":"WebPage","@id":"https:\/\/gdanskapartments.pl\/rezerwacja\/","url":"https:\/\/gdanskapartments.pl\/rezerwacja\/","name":"Rezerwacja - Gda\u0144sk Apartments","isPartOf":{"@id":"https:\/\/gdanskapartments.pl\/#website"},"datePublished":"2024-04-26T09:36:18+00:00","dateModified":"2025-06-02T22:18:08+00:00","breadcrumb":{"@id":"https:\/\/gdanskapartments.pl\/rezerwacja\/#breadcrumb"},"inLanguage":"en-US","potentialAction":[{"@type":"ReadAction","target":["https:\/\/gdanskapartments.pl\/rezerwacja\/"]}]},{"@type":"BreadcrumbList","@id":"https:\/\/gdanskapartments.pl\/rezerwacja\/#breadcrumb","itemListElement":[{"@type":"ListItem","position":1,"name":"Strona g\u0142\u00f3wna","item":"https:\/\/gdanskapartments.pl\/"},{"@type":"ListItem","position":2,"name":"Rezerwacja"}]},{"@type":"WebSite","@id":"https:\/\/gdanskapartments.pl\/#website","url":"https:\/\/gdanskapartments.pl\/","name":"Gdansk Apartments","description":"Apartamenty na wynajem Gda\u0144sk. Wybierz apartament w najlepszej lokalizacji w samym centrum Gda\u0144ska. Apartamenty Gda\u0144sk","publisher":{"@id":"https:\/\/gdanskapartments.pl\/#organization"},"alternateName":"Apartamenty Gda\u0144sk","potentialAction":[{"@type":"SearchAction","target":{"@type":"EntryPoint","urlTemplate":"https:\/\/gdanskapartments.pl\/?s={search_term_string}"},"query-input":{"@type":"PropertyValueSpecification","valueRequired":true,"valueName":"search_term_string"}}],"inLanguage":"en-US"},{"@type":"Organization","@id":"https:\/\/gdanskapartments.pl\/#organization","name":"Gdansk Apartments","alternateName":"Apartamenty Gda\u0144sk","url":"https:\/\/gdanskapartments.pl\/","logo":{"@type":"ImageObject","inLanguage":"en-US","@id":"https:\/\/gdanskapartments.pl\/#\/schema\/logo\/image\/","url":"https:\/\/gdanskapartments.pl\/wp-content\/uploads\/2024\/04\/luxury-dress.png","contentUrl":"https:\/\/gdanskapartments.pl\/wp-content\/uploads\/2024\/04\/luxury-dress.png","width":1080,"height":1080,"caption":"Gda\u0144sk Apartments"},"image":{"@id":"https:\/\/gdanskapartments.pl\/#\/schema\/logo\/image\/"},"sameAs":["https:\/\/www.facebook.com\/gdapartments","https:\/\/x.com\/GdanskApartment","https:\/\/www.instagram.com\/gdanskapartments.pl\/","https:\/\/www.tiktok.com\/@gdaskapartments","https:\/\/www.youtube.com\/channel\/UCSPUswHRim5C9MuwauOif8g"],"description":"Apartamenty w centrum Gda\u0144ska przy Mot\u0142awie, idealne dla turyst\u00f3w, rodzin i grup.","email":"info@gdanskapartments.pl","telephone":"+48536550917"}]}},"_links":{"self":[{"href":"https:\/\/gdanskapartments.pl\/en\/wp-json\/wp\/v2\/pages\/779","targetHints":{"allow":["GET"]}}],"collection":[{"href":"https:\/\/gdanskapartments.pl\/en\/wp-json\/wp\/v2\/pages"}],"about":[{"href":"https:\/\/gdanskapartments.pl\/en\/wp-json\/wp\/v2\/types\/page"}],"author":[{"embeddable":true,"href":"https:\/\/gdanskapartments.pl\/en\/wp-json\/wp\/v2\/users\/1"}],"replies":[{"embeddable":true,"href":"https:\/\/gdanskapartments.pl\/en\/wp-json\/wp\/v2\/comments?post=779"}],"version-history":[{"count":1,"href":"https:\/\/gdanskapartments.pl\/en\/wp-json\/wp\/v2\/pages\/779\/revisions"}],"predecessor-version":[{"id":796,"href":"https:\/\/gdanskapartments.pl\/en\/wp-json\/wp\/v2\/pages\/779\/revisions\/796"}],"wp:attachment":[{"href":"https:\/\/gdanskapartments.pl\/en\/wp-json\/wp\/v2\/media?parent=779"}],"curies":[{"name":"wp","href":"https:\/\/api.w.org\/{rel}","templated":true}]}}