{"id":1412,"date":"2025-03-25T22:55:42","date_gmt":"2025-03-25T21:55:42","guid":{"rendered":"https:\/\/gdanskapartments.pl\/?page_id=1412"},"modified":"2025-03-30T11:55:46","modified_gmt":"2025-03-30T09:55:46","slug":"blog","status":"publish","type":"page","link":"https:\/\/gdanskapartments.pl\/en\/blog\/","title":{"rendered":"Blog"},"content":{"rendered":"<section class=\"u-clearfix u-container-align-center u-image u-shading u-section-2\" id=\"sec-2504\" data-image-width=\"18\" data-image-height=\"12\" style=\"background-image: linear-gradient(0deg, rgba(0, 0, 0, 0.45), rgba(0, 0, 0, 0.45)), url(&quot;https:\/\/gdanskapartments.pl\/wp-content\/uploads\/2024\/04\/ce8b084a14fd0f042f1f101d5f0e2ee500291ab556cb262229f2ef742f7a9fbc5de2067dda49ce08209d2ee8ca55a161d32d6b0d2790d82406e13d_1280.jpg&quot;);\">\n      <div class=\"u-clearfix u-sheet u-sheet-1\"><\/div>\n    <\/section>\n    <section class=\"u-align-left u-clearfix u-grey-10 u-section-3\" id=\"sec-be73\">\n      <div class=\"u-clearfix u-sheet u-sheet-1\">\n        <div class=\"u-blog u-expanded-width u-blog-1 u-hidden-visibility\"  data-max-items=\"3\">\n          <div class=\"u-list-control\"><\/div>\n          <div class=\"u-repeater u-repeater-1\">\n            <div class=\"u-align-left u-blog-post u-container-style u-repeater-item u-shape-rectangle\">\n              <div class=\"u-container-layout u-similar-container u-valign-bottom-xl u-container-layout-1\"><a class=\"u-blog-control u-image u-image-default u-image-1\" href=\"https:\/\/gdanskapartments.pl\/en\/noclegi-gdansk\/noclegi-gdansk-jak-znalezc-idealne-miejsce-na-pobyt-w-trojmiescie\/\">\n                <img decoding=\"async\" alt=\"Gda\u0144sk ko\u015bci\u00f3\u0142 Mariacki\" class=\"u-blog-control u-image u-image-default u-image-1\" src=\"https:\/\/gdanskapartments.pl\/wp-content\/uploads\/2025\/03\/DSC02192kopia.jpg\"><\/a>\n                <div class=\"u-container-style u-group u-shape-rectangle u-white u-group-1\">\n                  <div class=\"u-container-layout u-valign-middle u-container-layout-2\">\n                    <div class=\"u-blog-control u-metadata u-text-black u-metadata-1\">\n                      <span class=\"u-meta-date u-meta-icon\">2025-03-30<\/span>\n                    <\/div>\n                    <h2 class=\"u-blog-control u-text u-text-1\">\n                      <a class=\"u-post-header-link\" href=\"https:\/\/gdanskapartments.pl\/en\/noclegi-gdansk\/noclegi-gdansk-jak-znalezc-idealne-miejsce-na-pobyt-w-trojmiescie\/\">Noclegi Gda\u0144sk \u2013 jak znale\u017a\u0107 idealne miejsce na pobyt w Tr\u00f3jmie\u015bcie?<\/a>\n                    <\/h2>\n                    <div class=\"u-blog-control u-post-content u-text u-text-2\"><p>\nGda\u0144sk&nbsp;od lat przyci\u0105ga tysi\u0105ce turyst\u00f3w i go\u015bci biznesowych swoim nadmorskim klimatem, bogat\u0105 histori\u0105 i niepowtarzaln\u0105 atmosfer\u0105. Bez &hellip;<\/p>\n                    <\/div>\n                    <a href=\"https:\/\/gdanskapartments.pl\/en\/noclegi-gdansk\/noclegi-gdansk-jak-znalezc-idealne-miejsce-na-pobyt-w-trojmiescie\/\" class=\"u-blog-control u-border-2 u-border-active-palette-1-base u-border-palette-1-base u-btn u-button-style u-hover-palette-1-base u-none u-text-black u-text-hover-white u-btn-1\">Czytaj wi\u0119cej<\/a>\n                  <\/div>\n                <\/div>\n              <\/div>\n            <\/div>\n            <div class=\"u-align-left u-blog-post u-container-style u-repeater-item u-shape-rectangle\">\n              <div class=\"u-container-layout u-similar-container u-valign-bottom-xl u-container-layout-3\"><a class=\"u-blog-control u-image u-image-default u-image-2\" href=\"https:\/\/gdanskapartments.pl\/en\/apartamenty-gdansk-aktualnosci\/jakie-sa-najlepsze-lokalizacje-na-wynajem-apartamentu-w-gdansku\/\">\n                <img decoding=\"async\" alt=\"Apartamenty Gdan\u0301sk-Apartament nr 8 w Gdan\u0301sku 3\" class=\"u-blog-control u-image u-image-default u-image-2\" src=\"https:\/\/gdanskapartments.pl\/wp-content\/uploads\/2025\/03\/Apartamenty-Gdansk-Apartament-nr-8-w-Gdansku-3.jpg\"><\/a>\n                <div class=\"u-container-style u-group u-shape-rectangle u-white u-group-2\">\n                  <div class=\"u-container-layout u-valign-middle u-container-layout-4\">\n                    <div class=\"u-blog-control u-metadata u-text-black u-metadata-2\">\n                      <span class=\"u-meta-date u-meta-icon\">2025-03-26<\/span>\n                    <\/div>\n                    <h2 class=\"u-blog-control u-text u-text-3\">\n                      <a class=\"u-post-header-link\" href=\"https:\/\/gdanskapartments.pl\/en\/apartamenty-gdansk-aktualnosci\/jakie-sa-najlepsze-lokalizacje-na-wynajem-apartamentu-w-gdansku\/\">Jakie s\u0105 najlepsze lokalizacje na wynajem apartamentu w Gda\u0144sku?<\/a>\n                    <\/h2>\n                    <div class=\"u-blog-control u-post-content u-text u-text-4\"><p>\nPlanujesz urlop nad morzem, kr\u00f3tki city break lub podr\u00f3\u017c s\u0142u\u017cbow\u0105 i zastanawiasz si\u0119,&nbsp;gdzie wynaj\u0105\u0107 apartament w Gda\u0144sku? To \u015bwietne pytanie \u2013&hellip;<\/p>\n                    <\/div>\n                    <a href=\"https:\/\/gdanskapartments.pl\/en\/apartamenty-gdansk-aktualnosci\/jakie-sa-najlepsze-lokalizacje-na-wynajem-apartamentu-w-gdansku\/\" class=\"u-blog-control u-border-2 u-border-active-palette-1-base u-border-palette-1-base u-btn u-button-style u-hover-palette-1-base u-none u-text-black u-text-hover-white u-btn-2\">Czytaj wi\u0119cej<\/a>\n                  <\/div>\n                <\/div>\n              <\/div>\n            <\/div>\n            <div class=\"u-align-left u-blog-post u-container-style u-repeater-item u-shape-rectangle\">\n              <div class=\"u-container-layout u-similar-container u-valign-bottom-xl u-container-layout-5\"><a class=\"u-blog-control u-image u-image-default u-image-3\" href=\"https:\/\/gdanskapartments.pl\/en\/apartamenty-gdansk-aktualnosci\/weekend-w-gdansku-przewodnik-po-najlepszych-miejscach-na-krotki-pobyt\/\">\n                <img decoding=\"async\" alt=\"Apartamenty Gda\u0144sk\" class=\"u-blog-control u-image u-image-default u-image-3\" src=\"https:\/\/gdanskapartments.pl\/wp-content\/uploads\/2024\/06\/Dwor-Artusa-Gdansk.jpg\"><\/a>\n                <div class=\"u-container-style u-group u-shape-rectangle u-white u-group-3\">\n                  <div class=\"u-container-layout u-valign-middle u-container-layout-6\">\n                    <div class=\"u-blog-control u-metadata u-text-black u-metadata-3\">\n                      <span class=\"u-meta-date u-meta-icon\">2025-02-20<\/span>\n                    <\/div>\n                    <h2 class=\"u-blog-control u-text u-text-5\">\n                      <a class=\"u-post-header-link\" href=\"https:\/\/gdanskapartments.pl\/en\/apartamenty-gdansk-aktualnosci\/weekend-w-gdansku-przewodnik-po-najlepszych-miejscach-na-krotki-pobyt\/\">Weekend w Gda\u0144sku \u2013 przewodnik po najlepszych miejscach na kr\u00f3tki pobyt<\/a>\n                    <\/h2>\n                    <div class=\"u-blog-control u-post-content u-text u-text-6\"><p>\nWeekend w Gda\u0144sku&nbsp;to idealna okazja, by odkry\u0107 jedno z najpi\u0119kniejszych i najbardziej klimatycznych miast w Polsce. Historyczne Stare Miasto, &hellip;<\/p>\n                    <\/div>\n                    <a href=\"https:\/\/gdanskapartments.pl\/en\/apartamenty-gdansk-aktualnosci\/weekend-w-gdansku-przewodnik-po-najlepszych-miejscach-na-krotki-pobyt\/\" class=\"u-blog-control u-border-2 u-border-active-palette-1-base u-border-palette-1-base u-btn u-button-style u-hover-palette-1-base u-none u-text-black u-text-hover-white u-btn-3\">Czytaj wi\u0119cej<\/a>\n                  <\/div>\n                <\/div>\n              <\/div>\n            <\/div>\n          <\/div>\n          <div class=\"u-list-control\"><\/div>\n        <\/div>\n      <\/div>\n    <\/section>","protected":false},"excerpt":{"rendered":"<p>2025-03-30 Noclegi Gda\u0144sk \u2013 jak znale\u017a\u0107 idealne miejsce na pobyt w Tr\u00f3jmie\u015bcie? Gda\u0144sk&nbsp;od lat przyci\u0105ga tysi\u0105ce turyst\u00f3w i go\u015bci biznesowych swoim nadmorskim klimatem, bogat\u0105 histori\u0105 i niepowtarzaln\u0105 atmosfer\u0105. Bez &hellip; Czytaj wi\u0119cej 2025-03-26 Jakie s\u0105 najlepsze lokalizacje na wynajem apartamentu w Gda\u0144sku? Planujesz urlop nad morzem, kr\u00f3tki city break lub podr\u00f3\u017c s\u0142u\u017cbow\u0105 i zastanawiasz si\u0119,&nbsp;gdzie &hellip; <a href=\"https:\/\/gdanskapartments.pl\/en\/blog\/\" class=\"more-link\">Continue reading<span class=\"screen-reader-text\"> &#8222;Blog&#8221;<\/span><\/a><\/p>","protected":false},"author":1,"featured_media":0,"parent":0,"menu_order":0,"comment_status":"closed","ping_status":"closed","template":"","meta":{"_monsterinsights_skip_tracking":false,"_monsterinsights_sitenote_active":false,"_monsterinsights_sitenote_note":"","_monsterinsights_sitenote_category":0,"footnotes":""},"class_list":["post-1412","page","type-page","status-publish","hentry"],"yoast_head":"<!-- This site is optimized with the Yoast SEO Premium plugin v25.5 (Yoast SEO v27.2) - https:\/\/yoast.com\/product\/yoast-seo-premium-wordpress\/ -->\n<title>Apartamenty Gda\u0144sk - przewodniki i inspiracje na Tw\u00f3j pobyt<\/title>\n<meta name=\"description\" content=\"Odkryj Gda\u0144sk z naszej perspektywy! Przewodniki po mie\u015bcie i inspiracje dotycz\u0105ce apartament\u00f3w na wynajem w Gda\u0144sku\" \/>\n<meta name=\"robots\" content=\"index, follow, max-snippet:-1, max-image-preview:large, max-video-preview:-1\" \/>\n<link rel=\"canonical\" href=\"https:\/\/gdanskapartments.pl\/en\/blog\/\" \/>\n<meta property=\"og:locale\" content=\"en_US\" \/>\n<meta property=\"og:type\" content=\"article\" \/>\n<meta property=\"og:title\" content=\"Blog\" \/>\n<meta property=\"og:description\" content=\"Odkryj Gda\u0144sk z naszej perspektywy! Przewodniki po mie\u015bcie i inspiracje dotycz\u0105ce apartament\u00f3w na wynajem w Gda\u0144sku\" \/>\n<meta property=\"og:url\" content=\"https:\/\/gdanskapartments.pl\/en\/blog\/\" \/>\n<meta property=\"og:site_name\" content=\"Gda\u0144sk Apartments\" \/>\n<meta property=\"article:publisher\" content=\"https:\/\/www.facebook.com\/gdapartments\" \/>\n<meta property=\"article:modified_time\" content=\"2025-03-30T09:55:46+00:00\" \/>\n<meta property=\"og:image\" content=\"https:\/\/gdanskapartments.pl\/wp-content\/uploads\/2024\/06\/Dwor-Artusa-Gdansk.jpg\" \/>\n\t<meta property=\"og:image:width\" content=\"1440\" \/>\n\t<meta property=\"og:image:height\" content=\"961\" \/>\n\t<meta property=\"og:image:type\" content=\"image\/jpeg\" \/>\n<meta name=\"twitter:card\" content=\"summary_large_image\" \/>\n<meta name=\"twitter:site\" content=\"@GdanskApartment\" \/>\n<meta name=\"twitter:label1\" content=\"Est. reading time\" \/>\n\t<meta name=\"twitter:data1\" content=\"2 minutes\" \/>\n<script type=\"application\/ld+json\" class=\"yoast-schema-graph\">{\"@context\":\"https:\/\/schema.org\",\"@graph\":[{\"@type\":\"WebPage\",\"@id\":\"https:\/\/gdanskapartments.pl\/blog\/\",\"url\":\"https:\/\/gdanskapartments.pl\/blog\/\",\"name\":\"Apartamenty Gda\u0144sk - przewodniki i inspiracje na Tw\u00f3j pobyt\",\"isPartOf\":{\"@id\":\"https:\/\/gdanskapartments.pl\/#website\"},\"datePublished\":\"2025-03-25T21:55:42+00:00\",\"dateModified\":\"2025-03-30T09:55:46+00:00\",\"description\":\"Odkryj Gda\u0144sk z naszej perspektywy! Przewodniki po mie\u015bcie i inspiracje dotycz\u0105ce apartament\u00f3w na wynajem w Gda\u0144sku\",\"breadcrumb\":{\"@id\":\"https:\/\/gdanskapartments.pl\/blog\/#breadcrumb\"},\"inLanguage\":\"en-US\",\"potentialAction\":[{\"@type\":\"ReadAction\",\"target\":[\"https:\/\/gdanskapartments.pl\/blog\/\"]}]},{\"@type\":\"BreadcrumbList\",\"@id\":\"https:\/\/gdanskapartments.pl\/blog\/#breadcrumb\",\"itemListElement\":[{\"@type\":\"ListItem\",\"position\":1,\"name\":\"Strona g\u0142\u00f3wna\",\"item\":\"https:\/\/gdanskapartments.pl\/\"},{\"@type\":\"ListItem\",\"position\":2,\"name\":\"Blog\"}]},{\"@type\":\"WebSite\",\"@id\":\"https:\/\/gdanskapartments.pl\/#website\",\"url\":\"https:\/\/gdanskapartments.pl\/\",\"name\":\"Gda\u0144sk Apartments\",\"description\":\"Apartamenty na wynajem Gda\u0144sk. Wybierz apartament w najlepszej lokalizacji w samym centrum Gda\u0144ska. Apartamenty Gda\u0144sk\",\"publisher\":{\"@id\":\"https:\/\/gdanskapartments.pl\/#organization\"},\"alternateName\":\"Apartamenty Gda\u0144sk\",\"potentialAction\":[{\"@type\":\"SearchAction\",\"target\":{\"@type\":\"EntryPoint\",\"urlTemplate\":\"https:\/\/gdanskapartments.pl\/?s={search_term_string}\"},\"query-input\":{\"@type\":\"PropertyValueSpecification\",\"valueRequired\":true,\"valueName\":\"search_term_string\"}}],\"inLanguage\":\"en-US\"},{\"@type\":\"Organization\",\"@id\":\"https:\/\/gdanskapartments.pl\/#organization\",\"name\":\"Gda\u0144sk Apartments\",\"alternateName\":\"Apartamenty Gda\u0144sk\",\"url\":\"https:\/\/gdanskapartments.pl\/\",\"logo\":{\"@type\":\"ImageObject\",\"inLanguage\":\"en-US\",\"@id\":\"https:\/\/gdanskapartments.pl\/#\/schema\/logo\/image\/\",\"url\":\"https:\/\/gdanskapartments.pl\/wp-content\/uploads\/2024\/04\/luxury-dress.png\",\"contentUrl\":\"https:\/\/gdanskapartments.pl\/wp-content\/uploads\/2024\/04\/luxury-dress.png\",\"width\":1080,\"height\":1080,\"caption\":\"Gda\u0144sk Apartments\"},\"image\":{\"@id\":\"https:\/\/gdanskapartments.pl\/#\/schema\/logo\/image\/\"},\"sameAs\":[\"https:\/\/www.facebook.com\/gdapartments\",\"https:\/\/x.com\/GdanskApartment\",\"https:\/\/www.instagram.com\/gdanskapartments.pl\/\",\"https:\/\/www.tiktok.com\/@gdaskapartments\",\"https:\/\/www.youtube.com\/channel\/UCSPUswHRim5C9MuwauOif8g\"],\"description\":\"Apartamenty w centrum Gda\u0144ska przy Mot\u0142awie, idealne dla turyst\u00f3w, rodzin i grup.\",\"email\":\"info@gdanskapartments.pl\",\"telephone\":\"+48536550917\"}]}<\/script>\n<!-- \/ Yoast SEO Premium plugin. -->","yoast_head_json":{"title":"Apartamenty Gda\u0144sk - przewodniki i inspiracje na Tw\u00f3j pobyt","description":"Odkryj Gda\u0144sk z naszej perspektywy! Przewodniki po mie\u015bcie i inspiracje dotycz\u0105ce apartament\u00f3w na wynajem w Gda\u0144sku","robots":{"index":"index","follow":"follow","max-snippet":"max-snippet:-1","max-image-preview":"max-image-preview:large","max-video-preview":"max-video-preview:-1"},"canonical":"https:\/\/gdanskapartments.pl\/en\/blog\/","og_locale":"en_US","og_type":"article","og_title":"Blog","og_description":"Odkryj Gda\u0144sk z naszej perspektywy! Przewodniki po mie\u015bcie i inspiracje dotycz\u0105ce apartament\u00f3w na wynajem w Gda\u0144sku","og_url":"https:\/\/gdanskapartments.pl\/en\/blog\/","og_site_name":"Gda\u0144sk Apartments","article_publisher":"https:\/\/www.facebook.com\/gdapartments","article_modified_time":"2025-03-30T09:55:46+00:00","og_image":[{"width":1440,"height":961,"url":"https:\/\/gdanskapartments.pl\/wp-content\/uploads\/2024\/06\/Dwor-Artusa-Gdansk.jpg","type":"image\/jpeg"}],"twitter_card":"summary_large_image","twitter_site":"@GdanskApartment","twitter_misc":{"Est. reading time":"2 minutes"},"schema":{"@context":"https:\/\/schema.org","@graph":[{"@type":"WebPage","@id":"https:\/\/gdanskapartments.pl\/blog\/","url":"https:\/\/gdanskapartments.pl\/blog\/","name":"Apartamenty Gda\u0144sk - przewodniki i inspiracje na Tw\u00f3j pobyt","isPartOf":{"@id":"https:\/\/gdanskapartments.pl\/#website"},"datePublished":"2025-03-25T21:55:42+00:00","dateModified":"2025-03-30T09:55:46+00:00","description":"Odkryj Gda\u0144sk z naszej perspektywy! Przewodniki po mie\u015bcie i inspiracje dotycz\u0105ce apartament\u00f3w na wynajem w Gda\u0144sku","breadcrumb":{"@id":"https:\/\/gdanskapartments.pl\/blog\/#breadcrumb"},"inLanguage":"en-US","potentialAction":[{"@type":"ReadAction","target":["https:\/\/gdanskapartments.pl\/blog\/"]}]},{"@type":"BreadcrumbList","@id":"https:\/\/gdanskapartments.pl\/blog\/#breadcrumb","itemListElement":[{"@type":"ListItem","position":1,"name":"Strona g\u0142\u00f3wna","item":"https:\/\/gdanskapartments.pl\/"},{"@type":"ListItem","position":2,"name":"Blog"}]},{"@type":"WebSite","@id":"https:\/\/gdanskapartments.pl\/#website","url":"https:\/\/gdanskapartments.pl\/","name":"Gdansk Apartments","description":"Apartamenty na wynajem Gda\u0144sk. Wybierz apartament w najlepszej lokalizacji w samym centrum Gda\u0144ska. Apartamenty Gda\u0144sk","publisher":{"@id":"https:\/\/gdanskapartments.pl\/#organization"},"alternateName":"Apartamenty Gda\u0144sk","potentialAction":[{"@type":"SearchAction","target":{"@type":"EntryPoint","urlTemplate":"https:\/\/gdanskapartments.pl\/?s={search_term_string}"},"query-input":{"@type":"PropertyValueSpecification","valueRequired":true,"valueName":"search_term_string"}}],"inLanguage":"en-US"},{"@type":"Organization","@id":"https:\/\/gdanskapartments.pl\/#organization","name":"Gdansk Apartments","alternateName":"Apartamenty Gda\u0144sk","url":"https:\/\/gdanskapartments.pl\/","logo":{"@type":"ImageObject","inLanguage":"en-US","@id":"https:\/\/gdanskapartments.pl\/#\/schema\/logo\/image\/","url":"https:\/\/gdanskapartments.pl\/wp-content\/uploads\/2024\/04\/luxury-dress.png","contentUrl":"https:\/\/gdanskapartments.pl\/wp-content\/uploads\/2024\/04\/luxury-dress.png","width":1080,"height":1080,"caption":"Gda\u0144sk Apartments"},"image":{"@id":"https:\/\/gdanskapartments.pl\/#\/schema\/logo\/image\/"},"sameAs":["https:\/\/www.facebook.com\/gdapartments","https:\/\/x.com\/GdanskApartment","https:\/\/www.instagram.com\/gdanskapartments.pl\/","https:\/\/www.tiktok.com\/@gdaskapartments","https:\/\/www.youtube.com\/channel\/UCSPUswHRim5C9MuwauOif8g"],"description":"Apartamenty w centrum Gda\u0144ska przy Mot\u0142awie, idealne dla turyst\u00f3w, rodzin i grup.","email":"info@gdanskapartments.pl","telephone":"+48536550917"}]}},"_links":{"self":[{"href":"https:\/\/gdanskapartments.pl\/en\/wp-json\/wp\/v2\/pages\/1412","targetHints":{"allow":["GET"]}}],"collection":[{"href":"https:\/\/gdanskapartments.pl\/en\/wp-json\/wp\/v2\/pages"}],"about":[{"href":"https:\/\/gdanskapartments.pl\/en\/wp-json\/wp\/v2\/types\/page"}],"author":[{"embeddable":true,"href":"https:\/\/gdanskapartments.pl\/en\/wp-json\/wp\/v2\/users\/1"}],"replies":[{"embeddable":true,"href":"https:\/\/gdanskapartments.pl\/en\/wp-json\/wp\/v2\/comments?post=1412"}],"version-history":[{"count":9,"href":"https:\/\/gdanskapartments.pl\/en\/wp-json\/wp\/v2\/pages\/1412\/revisions"}],"predecessor-version":[{"id":1535,"href":"https:\/\/gdanskapartments.pl\/en\/wp-json\/wp\/v2\/pages\/1412\/revisions\/1535"}],"wp:attachment":[{"href":"https:\/\/gdanskapartments.pl\/en\/wp-json\/wp\/v2\/media?parent=1412"}],"curies":[{"name":"wp","href":"https:\/\/api.w.org\/{rel}","templated":true}]}}