{"id":1027,"date":"2024-05-23T21:47:03","date_gmt":"2024-05-23T19:47:03","guid":{"rendered":"https:\/\/gdanskapartments.pl\/?page_id=1027"},"modified":"2024-05-23T21:47:03","modified_gmt":"2024-05-23T19:47:03","slug":"opinie","status":"publish","type":"page","link":"https:\/\/gdanskapartments.pl\/en\/opinie\/","title":{"rendered":"Reviews"},"content":{"rendered":"<section class=\"u-carousel u-slide u-block-5ff5-1\" id=\"carousel-354d\" data-interval=\"5000\" data-u-ride=\"carousel\">\n      <ol class=\"u-absolute-hcenter u-carousel-indicators u-block-5ff5-2\">\n        <li data-u-target=\"#carousel-354d\" class=\"u-active u-grey-30\" data-u-slide-to=\"0\"><\/li>\n      <\/ol>\n      <div class=\"u-carousel-inner\" role=\"listbox\">\n        <div class=\"u-active u-align-left u-carousel-item u-clearfix u-image u-shading u-section-2-1\" data-image-width=\"18\" data-image-height=\"9\" style=\"background-image: linear-gradient(0deg, rgba(0, 0, 0, 0.4), rgba(0, 0, 0, 0.4)), url(&quot;https:\/\/gdanskapartments.pl\/wp-content\/uploads\/2024\/04\/Apartamenty-wynajem-Gdansk-zielona-brama-.jpeg&quot;);\">\n          <div class=\"u-clearfix u-sheet u-sheet-1\">\n            <h1 class=\"u-align-center u-text u-text-default u-title u-text-1\">Reviews <\/h1>\n            <p class=\"u-align-center u-large-text u-text u-text-variant u-text-2\">Gda\u0144sk Apartments <\/p>\n          <\/div>\n        <\/div>\n      <\/div>\n      <a class=\"u-absolute-vcenter u-carousel-control u-carousel-control-prev u-text-grey-30 u-block-5ff5-3\" href=\"#carousel-354d\" role=\"button\" data-u-slide=\"prev\">\n        <span aria-hidden=\"true\">\n          <svg class=\"u-svg-link\" viewbox=\"0 0 477.175 477.175\"><path d=\"M145.188,238.575l215.5-215.5c5.3-5.3,5.3-13.8,0-19.1s-13.8-5.3-19.1,0l-225.1,225.1c-5.3,5.3-5.3,13.8,0,19.1l225.1,225                    c2.6,2.6,6.1,4,9.5,4s6.9-1.3,9.5-4c5.3-5.3,5.3-13.8,0-19.1L145.188,238.575z\"><\/path><\/svg>\n        <\/span>\n        <span class=\"sr-only\">Previous<\/span>\n      <\/a>\n      <a class=\"u-absolute-vcenter u-carousel-control u-carousel-control-next u-text-grey-30 u-block-5ff5-4\" href=\"#carousel-354d\" role=\"button\" data-u-slide=\"next\">\n        <span aria-hidden=\"true\">\n          <svg class=\"u-svg-link\" viewbox=\"0 0 477.175 477.175\"><path d=\"M360.731,229.075l-225.1-225.1c-5.3-5.3-13.8-5.3-19.1,0s-5.3,13.8,0,19.1l215.5,215.5l-215.5,215.5                    c-5.3,5.3-5.3,13.8,0,19.1c2.6,2.6,6.1,4,9.5,4c3.4,0,6.9-1.3,9.5-4l225.1-225.1C365.931,242.875,365.931,234.275,360.731,229.075z\"><\/path><\/svg>\n        <\/span>\n        <span class=\"sr-only\">Nast\u0119pny<\/span>\n      <\/a>\n    <\/section>\n    <section class=\"u-clearfix u-section-3\" id=\"sec-d25a\">\n      <div class=\"u-clearfix u-sheet u-sheet-1\">\n        <div class=\"u-expanded-width u-shortcode u-shortcode-1\">\n          <script src=\"https:\/\/ajax.googleapis.com\/ajax\/libs\/jquery\/3.2.1\/jquery.min.js\"><\/script>\n          <script type=\"text\/javascript\" src=\"https:\/\/panel.hotres.pl\/public\/api\/hotres_v4.js\"><\/script>\n          <div id=\"hotresContainer\"><\/div>\n          <script>window.addEventListener('load', (event) => {createHotres({\"oid\":1475,\"lang\":\"pl\",\"action\":\"reviews\"});});<\/script>\n        <\/div>\n      <\/div>\n    <\/section>","protected":false},"excerpt":{"rendered":"<p>Opinie Apartamenty Gda\u0144sk Previous Nast\u0119pny<\/p>","protected":false},"author":1,"featured_media":0,"parent":0,"menu_order":0,"comment_status":"closed","ping_status":"closed","template":"","meta":{"_monsterinsights_skip_tracking":false,"_monsterinsights_sitenote_active":false,"_monsterinsights_sitenote_note":"","_monsterinsights_sitenote_category":0,"footnotes":""},"class_list":["post-1027","page","type-page","status-publish","hentry"],"yoast_head":"<!-- This site is optimized with the Yoast SEO Premium plugin v25.5 (Yoast SEO v27.2) - https:\/\/yoast.com\/product\/yoast-seo-premium-wordpress\/ -->\n<title>Opinie - Gda\u0144sk Apartments<\/title>\n<meta name=\"robots\" content=\"index, follow, max-snippet:-1, max-image-preview:large, max-video-preview:-1\" \/>\n<link rel=\"canonical\" href=\"https:\/\/gdanskapartments.pl\/en\/opinie\/\" \/>\n<meta property=\"og:locale\" content=\"en_US\" \/>\n<meta property=\"og:type\" content=\"article\" \/>\n<meta property=\"og:title\" content=\"Opinie\" \/>\n<meta property=\"og:description\" content=\"Opinie Apartamenty Gda\u0144sk Previous Nast\u0119pny\" \/>\n<meta property=\"og:url\" content=\"https:\/\/gdanskapartments.pl\/en\/opinie\/\" \/>\n<meta property=\"og:site_name\" content=\"Gda\u0144sk Apartments\" \/>\n<meta property=\"article:publisher\" content=\"https:\/\/www.facebook.com\/gdapartments\" \/>\n<meta property=\"og:image\" content=\"https:\/\/gdanskapartments.pl\/wp-content\/uploads\/2024\/06\/Dwor-Artusa-Gdansk.jpg\" \/>\n\t<meta property=\"og:image:width\" content=\"1440\" \/>\n\t<meta property=\"og:image:height\" content=\"961\" \/>\n\t<meta property=\"og:image:type\" content=\"image\/jpeg\" \/>\n<meta name=\"twitter:card\" content=\"summary_large_image\" \/>\n<meta name=\"twitter:site\" content=\"@GdanskApartment\" \/>\n<script type=\"application\/ld+json\" class=\"yoast-schema-graph\">{\"@context\":\"https:\/\/schema.org\",\"@graph\":[{\"@type\":\"WebPage\",\"@id\":\"https:\/\/gdanskapartments.pl\/opinie\/\",\"url\":\"https:\/\/gdanskapartments.pl\/opinie\/\",\"name\":\"Opinie - Gda\u0144sk Apartments\",\"isPartOf\":{\"@id\":\"https:\/\/gdanskapartments.pl\/#website\"},\"datePublished\":\"2024-05-23T19:47:03+00:00\",\"breadcrumb\":{\"@id\":\"https:\/\/gdanskapartments.pl\/opinie\/#breadcrumb\"},\"inLanguage\":\"en-US\",\"potentialAction\":[{\"@type\":\"ReadAction\",\"target\":[\"https:\/\/gdanskapartments.pl\/opinie\/\"]}]},{\"@type\":\"BreadcrumbList\",\"@id\":\"https:\/\/gdanskapartments.pl\/opinie\/#breadcrumb\",\"itemListElement\":[{\"@type\":\"ListItem\",\"position\":1,\"name\":\"Strona g\u0142\u00f3wna\",\"item\":\"https:\/\/gdanskapartments.pl\/\"},{\"@type\":\"ListItem\",\"position\":2,\"name\":\"Opinie\"}]},{\"@type\":\"WebSite\",\"@id\":\"https:\/\/gdanskapartments.pl\/#website\",\"url\":\"https:\/\/gdanskapartments.pl\/\",\"name\":\"Gda\u0144sk Apartments\",\"description\":\"Apartamenty na wynajem Gda\u0144sk. Wybierz apartament w najlepszej lokalizacji w samym centrum Gda\u0144ska. Apartamenty Gda\u0144sk\",\"publisher\":{\"@id\":\"https:\/\/gdanskapartments.pl\/#organization\"},\"alternateName\":\"Apartamenty Gda\u0144sk\",\"potentialAction\":[{\"@type\":\"SearchAction\",\"target\":{\"@type\":\"EntryPoint\",\"urlTemplate\":\"https:\/\/gdanskapartments.pl\/?s={search_term_string}\"},\"query-input\":{\"@type\":\"PropertyValueSpecification\",\"valueRequired\":true,\"valueName\":\"search_term_string\"}}],\"inLanguage\":\"en-US\"},{\"@type\":\"Organization\",\"@id\":\"https:\/\/gdanskapartments.pl\/#organization\",\"name\":\"Gda\u0144sk Apartments\",\"alternateName\":\"Apartamenty Gda\u0144sk\",\"url\":\"https:\/\/gdanskapartments.pl\/\",\"logo\":{\"@type\":\"ImageObject\",\"inLanguage\":\"en-US\",\"@id\":\"https:\/\/gdanskapartments.pl\/#\/schema\/logo\/image\/\",\"url\":\"https:\/\/gdanskapartments.pl\/wp-content\/uploads\/2024\/04\/luxury-dress.png\",\"contentUrl\":\"https:\/\/gdanskapartments.pl\/wp-content\/uploads\/2024\/04\/luxury-dress.png\",\"width\":1080,\"height\":1080,\"caption\":\"Gda\u0144sk Apartments\"},\"image\":{\"@id\":\"https:\/\/gdanskapartments.pl\/#\/schema\/logo\/image\/\"},\"sameAs\":[\"https:\/\/www.facebook.com\/gdapartments\",\"https:\/\/x.com\/GdanskApartment\",\"https:\/\/www.instagram.com\/gdanskapartments.pl\/\",\"https:\/\/www.tiktok.com\/@gdaskapartments\",\"https:\/\/www.youtube.com\/channel\/UCSPUswHRim5C9MuwauOif8g\"],\"description\":\"Apartamenty w centrum Gda\u0144ska przy Mot\u0142awie, idealne dla turyst\u00f3w, rodzin i grup.\",\"email\":\"info@gdanskapartments.pl\",\"telephone\":\"+48536550917\"}]}<\/script>\n<!-- \/ Yoast SEO Premium plugin. -->","yoast_head_json":{"title":"Opinie - Gda\u0144sk Apartments","robots":{"index":"index","follow":"follow","max-snippet":"max-snippet:-1","max-image-preview":"max-image-preview:large","max-video-preview":"max-video-preview:-1"},"canonical":"https:\/\/gdanskapartments.pl\/en\/opinie\/","og_locale":"en_US","og_type":"article","og_title":"Opinie","og_description":"Opinie Apartamenty Gda\u0144sk Previous Nast\u0119pny","og_url":"https:\/\/gdanskapartments.pl\/en\/opinie\/","og_site_name":"Gda\u0144sk Apartments","article_publisher":"https:\/\/www.facebook.com\/gdapartments","og_image":[{"width":1440,"height":961,"url":"https:\/\/gdanskapartments.pl\/wp-content\/uploads\/2024\/06\/Dwor-Artusa-Gdansk.jpg","type":"image\/jpeg"}],"twitter_card":"summary_large_image","twitter_site":"@GdanskApartment","schema":{"@context":"https:\/\/schema.org","@graph":[{"@type":"WebPage","@id":"https:\/\/gdanskapartments.pl\/opinie\/","url":"https:\/\/gdanskapartments.pl\/opinie\/","name":"Opinie - Gda\u0144sk Apartments","isPartOf":{"@id":"https:\/\/gdanskapartments.pl\/#website"},"datePublished":"2024-05-23T19:47:03+00:00","breadcrumb":{"@id":"https:\/\/gdanskapartments.pl\/opinie\/#breadcrumb"},"inLanguage":"en-US","potentialAction":[{"@type":"ReadAction","target":["https:\/\/gdanskapartments.pl\/opinie\/"]}]},{"@type":"BreadcrumbList","@id":"https:\/\/gdanskapartments.pl\/opinie\/#breadcrumb","itemListElement":[{"@type":"ListItem","position":1,"name":"Strona g\u0142\u00f3wna","item":"https:\/\/gdanskapartments.pl\/"},{"@type":"ListItem","position":2,"name":"Opinie"}]},{"@type":"WebSite","@id":"https:\/\/gdanskapartments.pl\/#website","url":"https:\/\/gdanskapartments.pl\/","name":"Gdansk Apartments","description":"Apartamenty na wynajem Gda\u0144sk. Wybierz apartament w najlepszej lokalizacji w samym centrum Gda\u0144ska. Apartamenty Gda\u0144sk","publisher":{"@id":"https:\/\/gdanskapartments.pl\/#organization"},"alternateName":"Apartamenty Gda\u0144sk","potentialAction":[{"@type":"SearchAction","target":{"@type":"EntryPoint","urlTemplate":"https:\/\/gdanskapartments.pl\/?s={search_term_string}"},"query-input":{"@type":"PropertyValueSpecification","valueRequired":true,"valueName":"search_term_string"}}],"inLanguage":"en-US"},{"@type":"Organization","@id":"https:\/\/gdanskapartments.pl\/#organization","name":"Gdansk Apartments","alternateName":"Apartamenty Gda\u0144sk","url":"https:\/\/gdanskapartments.pl\/","logo":{"@type":"ImageObject","inLanguage":"en-US","@id":"https:\/\/gdanskapartments.pl\/#\/schema\/logo\/image\/","url":"https:\/\/gdanskapartments.pl\/wp-content\/uploads\/2024\/04\/luxury-dress.png","contentUrl":"https:\/\/gdanskapartments.pl\/wp-content\/uploads\/2024\/04\/luxury-dress.png","width":1080,"height":1080,"caption":"Gda\u0144sk Apartments"},"image":{"@id":"https:\/\/gdanskapartments.pl\/#\/schema\/logo\/image\/"},"sameAs":["https:\/\/www.facebook.com\/gdapartments","https:\/\/x.com\/GdanskApartment","https:\/\/www.instagram.com\/gdanskapartments.pl\/","https:\/\/www.tiktok.com\/@gdaskapartments","https:\/\/www.youtube.com\/channel\/UCSPUswHRim5C9MuwauOif8g"],"description":"Apartamenty w centrum Gda\u0144ska przy Mot\u0142awie, idealne dla turyst\u00f3w, rodzin i grup.","email":"info@gdanskapartments.pl","telephone":"+48536550917"}]}},"_links":{"self":[{"href":"https:\/\/gdanskapartments.pl\/en\/wp-json\/wp\/v2\/pages\/1027","targetHints":{"allow":["GET"]}}],"collection":[{"href":"https:\/\/gdanskapartments.pl\/en\/wp-json\/wp\/v2\/pages"}],"about":[{"href":"https:\/\/gdanskapartments.pl\/en\/wp-json\/wp\/v2\/types\/page"}],"author":[{"embeddable":true,"href":"https:\/\/gdanskapartments.pl\/en\/wp-json\/wp\/v2\/users\/1"}],"replies":[{"embeddable":true,"href":"https:\/\/gdanskapartments.pl\/en\/wp-json\/wp\/v2\/comments?post=1027"}],"version-history":[{"count":3,"href":"https:\/\/gdanskapartments.pl\/en\/wp-json\/wp\/v2\/pages\/1027\/revisions"}],"predecessor-version":[{"id":1055,"href":"https:\/\/gdanskapartments.pl\/en\/wp-json\/wp\/v2\/pages\/1027\/revisions\/1055"}],"wp:attachment":[{"href":"https:\/\/gdanskapartments.pl\/en\/wp-json\/wp\/v2\/media?parent=1027"}],"curies":[{"name":"wp","href":"https:\/\/api.w.org\/{rel}","templated":true}]}}